{"id":3816,"date":"2023-11-18T15:05:45","date_gmt":"2023-11-18T15:05:45","guid":{"rendered":"https:\/\/amante51.com\/inseln-zum-entdecken\/segeln-in-den-dodekanes\/"},"modified":"2024-01-21T21:14:41","modified_gmt":"2024-01-21T21:14:41","slug":"segeln-in-den-dodekanes","status":"publish","type":"page","link":"https:\/\/amante51.com\/de\/inseln-zum-entdecken\/segeln-in-den-dodekanes\/","title":{"rendered":"Segeln in den Dodekanes"},"content":{"rendered":"<style>.elementor-3816 .elementor-element.elementor-element-c66f724{--display:flex;--min-height:380px;--flex-direction:column;--container-widget-width:calc( ( 1 - var( --container-widget-flex-grow ) ) * 100% );--container-widget-height:initial;--container-widget-flex-grow:0;--container-widget-align-self:initial;--flex-wrap-mobile:wrap;--justify-content:flex-end;--align-items:center;--overlay-opacity:0.5;--padding-top:0px;--padding-bottom:80px;--padding-left:0px;--padding-right:0px;}.elementor-3816 .elementor-element.elementor-element-c66f724:not(.elementor-motion-effects-element-type-background), .elementor-3816 .elementor-element.elementor-element-c66f724 > .elementor-motion-effects-container > .elementor-motion-effects-layer{background-image:url(\"https:\/\/amante51.com\/wp-content\/uploads\/2023\/11\/dodecanese-map.jpg\");background-position:center center;background-size:cover;}.elementor-3816 .elementor-element.elementor-element-c66f724::before, .elementor-3816 .elementor-element.elementor-element-c66f724 > .elementor-background-video-container::before, .elementor-3816 .elementor-element.elementor-element-c66f724 > .e-con-inner > .elementor-background-video-container::before, .elementor-3816 .elementor-element.elementor-element-c66f724 > .elementor-background-slideshow::before, .elementor-3816 .elementor-element.elementor-element-c66f724 > .e-con-inner > .elementor-background-slideshow::before, .elementor-3816 .elementor-element.elementor-element-c66f724 > .elementor-motion-effects-container > .elementor-motion-effects-layer::before{--background-overlay:'';background-color:#636363;}.elementor-widget-heading .elementor-heading-title{font-family:var( --e-global-typography-primary-font-family ), Sans-serif;font-weight:var( --e-global-typography-primary-font-weight );color:var( --e-global-color-primary );}.elementor-3816 .elementor-element.elementor-element-5e5f757{text-align:center;}.elementor-3816 .elementor-element.elementor-element-5e5f757 .elementor-heading-title{font-family:\"Montserrat\", Sans-serif;font-size:50px;font-weight:600;letter-spacing:0.8px;color:#FFFFFF;}.elementor-3816 .elementor-element.elementor-element-e3586b9{--display:flex;--flex-direction:row;--container-widget-width:calc( ( 1 - var( --container-widget-flex-grow ) ) * 100% );--container-widget-height:100%;--container-widget-flex-grow:1;--container-widget-align-self:stretch;--flex-wrap-mobile:wrap;--align-items:center;--gap:80px 80px;--row-gap:80px;--column-gap:80px;--overlay-opacity:0.04;--padding-top:200px;--padding-bottom:250px;--padding-left:50px;--padding-right:50px;}.elementor-3816 .elementor-element.elementor-element-e3586b9::before, .elementor-3816 .elementor-element.elementor-element-e3586b9 > .elementor-background-video-container::before, .elementor-3816 .elementor-element.elementor-element-e3586b9 > .e-con-inner > .elementor-background-video-container::before, .elementor-3816 .elementor-element.elementor-element-e3586b9 > .elementor-background-slideshow::before, .elementor-3816 .elementor-element.elementor-element-e3586b9 > .e-con-inner > .elementor-background-slideshow::before, .elementor-3816 .elementor-element.elementor-element-e3586b9 > .elementor-motion-effects-container > .elementor-motion-effects-layer::before{--background-overlay:'';background-image:url(\"https:\/\/amante51.com\/wp-content\/uploads\/2023\/11\/amante-favicon.svg\");background-position:center center;background-size:cover;}.elementor-3816 .elementor-element.elementor-element-cf66f21{--display:flex;--min-height:500px;--flex-direction:row;--container-widget-width:initial;--container-widget-height:100%;--container-widget-flex-grow:1;--container-widget-align-self:stretch;--flex-wrap-mobile:wrap;--gap:10px 10px;--row-gap:10px;--column-gap:10px;--border-radius:15px 15px 15px 15px;--padding-top:0px;--padding-bottom:0px;--padding-left:0px;--padding-right:0px;}.elementor-3816 .elementor-element.elementor-element-cf66f21:not(.elementor-motion-effects-element-type-background), .elementor-3816 .elementor-element.elementor-element-cf66f21 > .elementor-motion-effects-container > .elementor-motion-effects-layer{background-color:#4c98d5;}.elementor-widget-image .widget-image-caption{color:var( --e-global-color-text );font-family:var( --e-global-typography-text-font-family ), Sans-serif;font-weight:var( --e-global-typography-text-font-weight );}.elementor-3816 .elementor-element.elementor-element-4f4734f img{border-radius:15px 15px 15px 15px;box-shadow:0px 0px 10px 0px rgba(0, 0, 0, 0.12);}.elementor-3816 .elementor-element.elementor-element-4fd1fcd{--display:flex;--flex-direction:row;--container-widget-width:initial;--container-widget-height:100%;--container-widget-flex-grow:1;--container-widget-align-self:stretch;--flex-wrap-mobile:wrap;--flex-wrap:wrap;}.elementor-3816 .elementor-element.elementor-element-408e54c{text-align:start;}.elementor-3816 .elementor-element.elementor-element-408e54c .elementor-heading-title{font-family:\"Montserrat\", Sans-serif;font-weight:600;line-height:38px;color:#000665;}.elementor-widget-text-editor{font-family:var( --e-global-typography-text-font-family ), Sans-serif;font-weight:var( --e-global-typography-text-font-weight );color:var( --e-global-color-text );}.elementor-widget-text-editor.elementor-drop-cap-view-stacked .elementor-drop-cap{background-color:var( --e-global-color-primary );}.elementor-widget-text-editor.elementor-drop-cap-view-framed .elementor-drop-cap, .elementor-widget-text-editor.elementor-drop-cap-view-default .elementor-drop-cap{color:var( --e-global-color-primary );border-color:var( --e-global-color-primary );}.elementor-3816 .elementor-element.elementor-element-7dea3ee{text-align:justify;font-family:\"Montserrat\", Sans-serif;font-size:15px;font-weight:400;color:#00033A;}.elementor-3816 .elementor-element.elementor-element-e0d5bbd{--display:flex;--flex-direction:row;--container-widget-width:calc( ( 1 - var( --container-widget-flex-grow ) ) * 100% );--container-widget-height:100%;--container-widget-flex-grow:1;--container-widget-align-self:stretch;--flex-wrap-mobile:wrap;--align-items:center;--gap:5px 5px;--row-gap:5px;--column-gap:5px;--padding-top:0px;--padding-bottom:0px;--padding-left:0px;--padding-right:0px;}.elementor-3816 .elementor-element.elementor-element-c263420{--display:flex;}.elementor-3816 .elementor-element.elementor-element-5796ace img{width:100%;max-width:100%;height:40px;}.elementor-3816 .elementor-element.elementor-element-ba4f145{text-align:start;}.elementor-3816 .elementor-element.elementor-element-ba4f145 .elementor-heading-title{font-family:\"Montserrat\", Sans-serif;font-size:16px;font-weight:500;line-height:1.1em;color:#00033A;}.elementor-3816 .elementor-element.elementor-element-439a038{--display:flex;--flex-direction:row;--container-widget-width:calc( ( 1 - var( --container-widget-flex-grow ) ) * 100% );--container-widget-height:100%;--container-widget-flex-grow:1;--container-widget-align-self:stretch;--flex-wrap-mobile:wrap;--align-items:center;--gap:5px 5px;--row-gap:5px;--column-gap:5px;--padding-top:0px;--padding-bottom:0px;--padding-left:0px;--padding-right:0px;}.elementor-3816 .elementor-element.elementor-element-f1e0c2b{--display:flex;}.elementor-3816 .elementor-element.elementor-element-cfc2a2f img{width:100%;max-width:100%;height:40px;}.elementor-3816 .elementor-element.elementor-element-3ab7820{text-align:start;}.elementor-3816 .elementor-element.elementor-element-3ab7820 .elementor-heading-title{font-family:\"Montserrat\", Sans-serif;font-size:16px;font-weight:500;line-height:1.1em;color:#00033A;}.elementor-3816 .elementor-element.elementor-element-a95cb4f{--display:flex;--flex-direction:row;--container-widget-width:calc( ( 1 - var( --container-widget-flex-grow ) ) * 100% );--container-widget-height:100%;--container-widget-flex-grow:1;--container-widget-align-self:stretch;--flex-wrap-mobile:wrap;--align-items:center;--gap:5px 5px;--row-gap:5px;--column-gap:5px;--padding-top:0px;--padding-bottom:0px;--padding-left:0px;--padding-right:0px;}.elementor-3816 .elementor-element.elementor-element-01c2c28{--display:flex;}.elementor-3816 .elementor-element.elementor-element-1c9e3d6 img{width:100%;max-width:100%;height:40px;}.elementor-3816 .elementor-element.elementor-element-ab51536{text-align:start;}.elementor-3816 .elementor-element.elementor-element-ab51536 .elementor-heading-title{font-family:\"Montserrat\", Sans-serif;font-size:16px;font-weight:500;line-height:1.1em;color:#00033A;}.elementor-3816 .elementor-element.elementor-element-a72b71f{--display:flex;--flex-direction:row;--container-widget-width:calc( ( 1 - var( --container-widget-flex-grow ) ) * 100% );--container-widget-height:100%;--container-widget-flex-grow:1;--container-widget-align-self:stretch;--flex-wrap-mobile:wrap;--align-items:center;--gap:5px 5px;--row-gap:5px;--column-gap:5px;--padding-top:0px;--padding-bottom:0px;--padding-left:0px;--padding-right:0px;}.elementor-3816 .elementor-element.elementor-element-812cbba{--display:flex;}.elementor-3816 .elementor-element.elementor-element-be3cbd3 img{width:100%;max-width:100%;height:40px;}.elementor-3816 .elementor-element.elementor-element-9ea9954{text-align:start;}.elementor-3816 .elementor-element.elementor-element-9ea9954 .elementor-heading-title{font-family:\"Montserrat\", Sans-serif;font-size:16px;font-weight:500;line-height:1.1em;color:#00033A;}:root{--page-title-display:none;}@media(max-width:1024px){.elementor-3816 .elementor-element.elementor-element-c66f724:not(.elementor-motion-effects-element-type-background), .elementor-3816 .elementor-element.elementor-element-c66f724 > .elementor-motion-effects-container > .elementor-motion-effects-layer{background-position:center left;}.elementor-3816 .elementor-element.elementor-element-e3586b9{--flex-wrap:wrap;--padding-top:135px;--padding-bottom:135px;--padding-left:50px;--padding-right:50px;}.elementor-3816 .elementor-element.elementor-element-cf66f21{--min-height:300px;--border-radius:15px 15px 15px 15px;}.elementor-3816 .elementor-element.elementor-element-4f4734f img{height:360px;object-fit:contain;}.elementor-3816 .elementor-element.elementor-element-ba4f145 .elementor-heading-title{font-size:15px;line-height:1.1em;}.elementor-3816 .elementor-element.elementor-element-3ab7820 .elementor-heading-title{font-size:15px;line-height:1.1em;}.elementor-3816 .elementor-element.elementor-element-ab51536 .elementor-heading-title{font-size:15px;line-height:1.1em;}.elementor-3816 .elementor-element.elementor-element-9ea9954 .elementor-heading-title{font-size:15px;line-height:1.1em;}}@media(max-width:767px){.elementor-3816 .elementor-element.elementor-element-c66f724:not(.elementor-motion-effects-element-type-background), .elementor-3816 .elementor-element.elementor-element-c66f724 > .elementor-motion-effects-container > .elementor-motion-effects-layer{background-position:top left;}.elementor-3816 .elementor-element.elementor-element-5e5f757 .elementor-heading-title{font-size:16px;line-height:1.2em;}.elementor-3816 .elementor-element.elementor-element-e3586b9{--padding-top:135px;--padding-bottom:135px;--padding-left:35px;--padding-right:35px;}.elementor-3816 .elementor-element.elementor-element-cf66f21{--justify-content:space-between;}.elementor-3816 .elementor-element.elementor-element-408e54c .elementor-heading-title{font-size:19px;line-height:1.2em;}.elementor-3816 .elementor-element.elementor-element-7dea3ee{font-size:14px;}.elementor-3816 .elementor-element.elementor-element-c263420{--width:60px;}.elementor-3816 .elementor-element.elementor-element-5796ace img{height:36px;}.elementor-3816 .elementor-element.elementor-element-ba4f145 .elementor-heading-title{font-size:14px;line-height:1.2em;}.elementor-3816 .elementor-element.elementor-element-ba4f145{margin:5px 0px calc(var(--kit-widget-spacing, 0px) + 0px) 0px;width:var( --container-widget-width, 180px );max-width:180px;--container-widget-width:180px;--container-widget-flex-grow:0;}.elementor-3816 .elementor-element.elementor-element-f1e0c2b{--width:60px;}.elementor-3816 .elementor-element.elementor-element-cfc2a2f img{height:36px;}.elementor-3816 .elementor-element.elementor-element-3ab7820 .elementor-heading-title{font-size:14px;line-height:1.2em;}.elementor-3816 .elementor-element.elementor-element-3ab7820{margin:5px 0px calc(var(--kit-widget-spacing, 0px) + 0px) 0px;width:var( --container-widget-width, 180px );max-width:180px;--container-widget-width:180px;--container-widget-flex-grow:0;}.elementor-3816 .elementor-element.elementor-element-01c2c28{--width:60px;}.elementor-3816 .elementor-element.elementor-element-1c9e3d6 img{height:36px;}.elementor-3816 .elementor-element.elementor-element-ab51536 .elementor-heading-title{font-size:14px;line-height:1.2em;}.elementor-3816 .elementor-element.elementor-element-ab51536{margin:5px 0px calc(var(--kit-widget-spacing, 0px) + 0px) 0px;width:var( --container-widget-width, 180px );max-width:180px;--container-widget-width:180px;--container-widget-flex-grow:0;}.elementor-3816 .elementor-element.elementor-element-812cbba{--width:60px;}.elementor-3816 .elementor-element.elementor-element-be3cbd3 img{height:36px;}.elementor-3816 .elementor-element.elementor-element-9ea9954 .elementor-heading-title{font-size:14px;line-height:1.2em;}.elementor-3816 .elementor-element.elementor-element-9ea9954{margin:5px 0px calc(var(--kit-widget-spacing, 0px) + 0px) 0px;width:var( --container-widget-width, 180px );max-width:180px;--container-widget-width:180px;--container-widget-flex-grow:0;}}@media(min-width:768px){.elementor-3816 .elementor-element.elementor-element-e3586b9{--content-width:1400px;}.elementor-3816 .elementor-element.elementor-element-cf66f21{--width:40%;}.elementor-3816 .elementor-element.elementor-element-4fd1fcd{--width:50%;}.elementor-3816 .elementor-element.elementor-element-e0d5bbd{--width:48%;}.elementor-3816 .elementor-element.elementor-element-c263420{--width:56px;}.elementor-3816 .elementor-element.elementor-element-439a038{--width:48%;}.elementor-3816 .elementor-element.elementor-element-f1e0c2b{--width:56px;}.elementor-3816 .elementor-element.elementor-element-a95cb4f{--width:48%;}.elementor-3816 .elementor-element.elementor-element-01c2c28{--width:56px;}.elementor-3816 .elementor-element.elementor-element-a72b71f{--width:48%;}.elementor-3816 .elementor-element.elementor-element-812cbba{--width:56px;}}@media(max-width:1024px) and (min-width:768px){.elementor-3816 .elementor-element.elementor-element-cf66f21{--width:100%;}.elementor-3816 .elementor-element.elementor-element-4fd1fcd{--width:100%;}.elementor-3816 .elementor-element.elementor-element-e0d5bbd{--width:48%;}.elementor-3816 .elementor-element.elementor-element-439a038{--width:48%;}.elementor-3816 .elementor-element.elementor-element-a95cb4f{--width:48%;}.elementor-3816 .elementor-element.elementor-element-a72b71f{--width:48%;}}<\/style>\t\t<div data-elementor-type=\"wp-page\" data-elementor-id=\"3816\" class=\"elementor elementor-3816 elementor-655\" data-elementor-post-type=\"page\">\n\t\t\t\t<div class=\"elementor-element elementor-element-c66f724 e-flex e-con-boxed e-con e-parent\" data-id=\"c66f724\" data-element_type=\"container\" data-e-type=\"container\" data-settings=\"{&quot;background_background&quot;:&quot;classic&quot;}\">\n\t\t\t\t\t<div class=\"e-con-inner\">\n\t\t\t\t<div class=\"elementor-element elementor-element-5e5f757 elementor-invisible elementor-widget elementor-widget-heading\" data-id=\"5e5f757\" data-element_type=\"widget\" data-e-type=\"widget\" data-settings=\"{&quot;_animation&quot;:&quot;fadeInUp&quot;}\" data-widget_type=\"heading.default\">\n\t\t\t\t\t<h2 class=\"elementor-heading-title elementor-size-default\">Segeln in den Dodekanes<\/h2>\t\t\t\t<\/div>\n\t\t\t\t\t<\/div>\n\t\t\t\t<\/div>\n\t\t<div class=\"elementor-element elementor-element-e3586b9 e-flex e-con-boxed e-con e-parent\" data-id=\"e3586b9\" data-element_type=\"container\" data-e-type=\"container\">\n\t\t\t\t\t<div class=\"e-con-inner\">\n\t\t<div class=\"elementor-element elementor-element-cf66f21 e-con-full e-flex elementor-invisible e-con e-child\" data-id=\"cf66f21\" data-element_type=\"container\" data-e-type=\"container\" data-settings=\"{&quot;background_background&quot;:&quot;classic&quot;,&quot;animation&quot;:&quot;slideInLeft&quot;}\">\n\t\t\t\t<div class=\"elementor-element elementor-element-4f4734f elementor-widget elementor-widget-image\" data-id=\"4f4734f\" data-element_type=\"widget\" data-e-type=\"widget\" data-widget_type=\"image.default\">\n\t\t\t\t\t\t\t\t\t\t\t\t\t\t\t<img fetchpriority=\"high\" decoding=\"async\" width=\"833\" height=\"1024\" src=\"https:\/\/amante51.com\/wp-content\/uploads\/2023\/12\/IMG-20231222-WA0005.jpg\" class=\"attachment-full size-full wp-image-3653\" alt=\"\" srcset=\"https:\/\/amante51.com\/wp-content\/uploads\/2023\/12\/IMG-20231222-WA0005.jpg 833w, https:\/\/amante51.com\/wp-content\/uploads\/2023\/12\/IMG-20231222-WA0005-244x300.jpg 244w, https:\/\/amante51.com\/wp-content\/uploads\/2023\/12\/IMG-20231222-WA0005-768x944.jpg 768w, https:\/\/amante51.com\/wp-content\/uploads\/2023\/12\/IMG-20231222-WA0005-600x738.jpg 600w\" sizes=\"(max-width: 833px) 100vw, 833px\" \/>\t\t\t\t\t\t\t\t\t\t\t\t\t\t\t<\/div>\n\t\t\t\t<\/div>\n\t\t<div class=\"elementor-element elementor-element-4fd1fcd e-con-full e-flex elementor-invisible e-con e-child\" data-id=\"4fd1fcd\" data-element_type=\"container\" data-e-type=\"container\" data-settings=\"{&quot;animation&quot;:&quot;fadeInRight&quot;}\">\n\t\t\t\t<div class=\"elementor-element elementor-element-408e54c elementor-invisible elementor-widget elementor-widget-heading\" data-id=\"408e54c\" data-element_type=\"widget\" data-e-type=\"widget\" data-settings=\"{&quot;_animation&quot;:&quot;fadeInUp&quot;}\" data-widget_type=\"heading.default\">\n\t\t\t\t\t<h2 class=\"elementor-heading-title elementor-size-default\">Entdecken Sie die Dodekanes-Inseln<\/h2>\t\t\t\t<\/div>\n\t\t\t\t<div class=\"elementor-element elementor-element-7dea3ee elementor-widget elementor-widget-text-editor\" data-id=\"7dea3ee\" data-element_type=\"widget\" data-e-type=\"widget\" data-widget_type=\"text-editor.default\">\n\t\t\t\t\t\t\t\t\t<p>Die Dodekanes-Inseln, eine majest\u00e4tische Gruppe griechischer Inseln in der \u00c4g\u00e4is, sind bekannt f\u00fcr ihre reiche Geschichte, atemberaubende Landschaften und lebendige Kultur. Jede Insel, von den bekannten Inseln Rhodos und Kos bis zum ruhigen Charme von Patmos und Symi, bietet eine einzigartige Mischung aus antiken Ruinen, mittelalterlicher Architektur, unber\u00fchrten Str\u00e4nden und traditionellen D\u00f6rfern. Das Segeln an Bord des luxuri\u00f6sen AMANTE-Katamarans bietet eine unvergleichliche Gelegenheit, diese Inseln mit Stil und Komfort zu erkunden. Die F\u00e4higkeit des Katamarans, in abgelegenen Buchten zu ankern, und seine Wendigkeit beim Navigieren durch die ruhigen Gew\u00e4sser des Dodekanes machen ihn zu einer idealen M\u00f6glichkeit, die vielf\u00e4ltige Sch\u00f6nheit und das kulturelle Erbe dieses bezaubernden Archipels zu erleben.<\/p>\n\t\t\t\t\t\t\t\t<\/div>\n\t\t<div class=\"elementor-element elementor-element-e0d5bbd e-con-full e-flex elementor-invisible e-con e-child\" data-id=\"e0d5bbd\" data-element_type=\"container\" data-e-type=\"container\" data-settings=\"{&quot;animation&quot;:&quot;fadeInUp&quot;,&quot;animation_delay&quot;:100}\">\n\t\t<div class=\"elementor-element elementor-element-c263420 e-con-full e-flex e-con e-child\" data-id=\"c263420\" data-element_type=\"container\" data-e-type=\"container\">\n\t\t\t\t<div class=\"elementor-element elementor-element-5796ace elementor-widget elementor-widget-image\" data-id=\"5796ace\" data-element_type=\"widget\" data-e-type=\"widget\" data-widget_type=\"image.default\">\n\t\t\t\t\t\t\t\t\t\t\t\t\t\t\t<img decoding=\"async\" width=\"512\" height=\"512\" src=\"https:\/\/amante51.com\/wp-content\/uploads\/2023\/12\/ancient-ruins-icon.svg\" class=\"attachment-large size-large wp-image-3686\" alt=\"\" \/>\t\t\t\t\t\t\t\t\t\t\t\t\t\t\t<\/div>\n\t\t\t\t<\/div>\n\t\t\t\t<div class=\"elementor-element elementor-element-ba4f145 elementor-widget-mobile__width-initial elementor-widget elementor-widget-heading\" data-id=\"ba4f145\" data-element_type=\"widget\" data-e-type=\"widget\" data-settings=\"{&quot;_animation&quot;:&quot;none&quot;}\" data-widget_type=\"heading.default\">\n\t\t\t\t\t<h2 class=\"elementor-heading-title elementor-size-default\">Antike Ruinen<\/h2>\t\t\t\t<\/div>\n\t\t\t\t<\/div>\n\t\t<div class=\"elementor-element elementor-element-439a038 e-con-full e-flex elementor-invisible e-con e-child\" data-id=\"439a038\" data-element_type=\"container\" data-e-type=\"container\" data-settings=\"{&quot;animation&quot;:&quot;fadeInUp&quot;,&quot;animation_delay&quot;:100}\">\n\t\t<div class=\"elementor-element elementor-element-f1e0c2b e-con-full e-flex e-con e-child\" data-id=\"f1e0c2b\" data-element_type=\"container\" data-e-type=\"container\">\n\t\t\t\t<div class=\"elementor-element elementor-element-cfc2a2f elementor-widget elementor-widget-image\" data-id=\"cfc2a2f\" data-element_type=\"widget\" data-e-type=\"widget\" data-widget_type=\"image.default\">\n\t\t\t\t\t\t\t\t\t\t\t\t\t\t\t<img decoding=\"async\" width=\"683\" height=\"683\" src=\"https:\/\/amante51.com\/wp-content\/uploads\/2023\/12\/beaches-icon.svg\" class=\"attachment-large size-large wp-image-3687\" alt=\"\" \/>\t\t\t\t\t\t\t\t\t\t\t\t\t\t\t<\/div>\n\t\t\t\t<\/div>\n\t\t\t\t<div class=\"elementor-element elementor-element-3ab7820 elementor-widget-mobile__width-initial elementor-widget elementor-widget-heading\" data-id=\"3ab7820\" data-element_type=\"widget\" data-e-type=\"widget\" data-settings=\"{&quot;_animation&quot;:&quot;none&quot;}\" data-widget_type=\"heading.default\">\n\t\t\t\t\t<h2 class=\"elementor-heading-title elementor-size-default\">Atemberaubende Str\u00e4nde<\/h2>\t\t\t\t<\/div>\n\t\t\t\t<\/div>\n\t\t<div class=\"elementor-element elementor-element-a95cb4f e-con-full e-flex elementor-invisible e-con e-child\" data-id=\"a95cb4f\" data-element_type=\"container\" data-e-type=\"container\" data-settings=\"{&quot;animation&quot;:&quot;fadeInUp&quot;,&quot;animation_delay&quot;:100}\">\n\t\t<div class=\"elementor-element elementor-element-01c2c28 e-con-full e-flex e-con e-child\" data-id=\"01c2c28\" data-element_type=\"container\" data-e-type=\"container\">\n\t\t\t\t<div class=\"elementor-element elementor-element-1c9e3d6 elementor-widget elementor-widget-image\" data-id=\"1c9e3d6\" data-element_type=\"widget\" data-e-type=\"widget\" data-widget_type=\"image.default\">\n\t\t\t\t\t\t\t\t\t\t\t\t\t\t\t<img loading=\"lazy\" decoding=\"async\" width=\"512\" height=\"512\" src=\"https:\/\/amante51.com\/wp-content\/uploads\/2023\/12\/gastronomy-icon.svg\" class=\"attachment-large size-large wp-image-3688\" alt=\"\" \/>\t\t\t\t\t\t\t\t\t\t\t\t\t\t\t<\/div>\n\t\t\t\t<\/div>\n\t\t\t\t<div class=\"elementor-element elementor-element-ab51536 elementor-widget-mobile__width-initial elementor-widget elementor-widget-heading\" data-id=\"ab51536\" data-element_type=\"widget\" data-e-type=\"widget\" data-settings=\"{&quot;_animation&quot;:&quot;none&quot;}\" data-widget_type=\"heading.default\">\n\t\t\t\t\t<h2 class=\"elementor-heading-title elementor-size-default\">Gastronomische K\u00f6stlichkeiten<\/h2>\t\t\t\t<\/div>\n\t\t\t\t<\/div>\n\t\t<div class=\"elementor-element elementor-element-a72b71f e-con-full e-flex elementor-invisible e-con e-child\" data-id=\"a72b71f\" data-element_type=\"container\" data-e-type=\"container\" data-settings=\"{&quot;animation&quot;:&quot;fadeInUp&quot;,&quot;animation_delay&quot;:100}\">\n\t\t<div class=\"elementor-element elementor-element-812cbba e-con-full e-flex e-con e-child\" data-id=\"812cbba\" data-element_type=\"container\" data-e-type=\"container\">\n\t\t\t\t<div class=\"elementor-element elementor-element-be3cbd3 elementor-widget elementor-widget-image\" data-id=\"be3cbd3\" data-element_type=\"widget\" data-e-type=\"widget\" data-widget_type=\"image.default\">\n\t\t\t\t\t\t\t\t\t\t\t\t\t\t\t<img loading=\"lazy\" decoding=\"async\" width=\"683\" height=\"683\" src=\"https:\/\/amante51.com\/wp-content\/uploads\/2023\/12\/nautical-adventures-icon.svg\" class=\"attachment-large size-large wp-image-3685\" alt=\"\" \/>\t\t\t\t\t\t\t\t\t\t\t\t\t\t\t<\/div>\n\t\t\t\t<\/div>\n\t\t\t\t<div class=\"elementor-element elementor-element-9ea9954 elementor-widget-mobile__width-initial elementor-widget elementor-widget-heading\" data-id=\"9ea9954\" data-element_type=\"widget\" data-e-type=\"widget\" data-settings=\"{&quot;_animation&quot;:&quot;none&quot;}\" data-widget_type=\"heading.default\">\n\t\t\t\t\t<h2 class=\"elementor-heading-title elementor-size-default\">Nautische Abenteuer<\/h2>\t\t\t\t<\/div>\n\t\t\t\t<\/div>\n\t\t\t\t<\/div>\n\t\t\t\t\t<\/div>\n\t\t\t\t<\/div>\n\t\t\t\t<\/div>\n\t\t","protected":false},"excerpt":{"rendered":"<p>Entdecken Sie die Dodekanes-Inseln Die Dodekanes-Inseln, eine majest\u00e4tische Gruppe griechischer Inseln in der \u00c4g\u00e4is, sind bekannt f\u00fcr ihre reiche Geschichte, atemberaubende Landschaften und lebendige Kultur. Jede Insel, von den bekannten Inseln Rhodos und Kos bis zum ruhigen Charme von Patmos und Symi, bietet eine einzigartige Mischung aus antiken Ruinen, mittelalterlicher Architektur, unber\u00fchrten Str\u00e4nden und traditionellen [&hellip;]<\/p>\n","protected":false},"author":1,"featured_media":0,"parent":3794,"menu_order":0,"comment_status":"closed","ping_status":"closed","template":"elementor_header_footer","meta":{"footnotes":""},"class_list":["post-3816","page","type-page","status-publish","hentry"],"_links":{"self":[{"href":"https:\/\/amante51.com\/de\/wp-json\/wp\/v2\/pages\/3816","targetHints":{"allow":["GET"]}}],"collection":[{"href":"https:\/\/amante51.com\/de\/wp-json\/wp\/v2\/pages"}],"about":[{"href":"https:\/\/amante51.com\/de\/wp-json\/wp\/v2\/types\/page"}],"author":[{"embeddable":true,"href":"https:\/\/amante51.com\/de\/wp-json\/wp\/v2\/users\/1"}],"replies":[{"embeddable":true,"href":"https:\/\/amante51.com\/de\/wp-json\/wp\/v2\/comments?post=3816"}],"version-history":[{"count":0,"href":"https:\/\/amante51.com\/de\/wp-json\/wp\/v2\/pages\/3816\/revisions"}],"up":[{"embeddable":true,"href":"https:\/\/amante51.com\/de\/wp-json\/wp\/v2\/pages\/3794"}],"wp:attachment":[{"href":"https:\/\/amante51.com\/de\/wp-json\/wp\/v2\/media?parent=3816"}],"curies":[{"name":"wp","href":"https:\/\/api.w.org\/{rel}","templated":true}]}}